{"id":3256,"date":"2017-01-10T13:10:07","date_gmt":"2017-01-10T13:10:07","guid":{"rendered":"http:\/\/ttdemo2.staging.wpengine.com\/gymx\/?page_id=3256"},"modified":"2024-10-01T11:59:34","modified_gmt":"2024-10-01T08:59:34","slug":"team","status":"publish","type":"page","link":"https:\/\/shantiloft.ro\/en\/team\/","title":{"rendered":"Our Team"},"content":{"rendered":"[vc_row][vc_column css=&#8221;.vc_custom_1519206040374{padding-bottom: 6% !important;}&#8221;]<h3 class=\"ttbase-heading text-align-center \" style=\"color: #f69321;\"><span>ShantiLoft<\/span><\/h3><h2 class=\"ttbase-heading text-align-center \" ><span>Trainers<\/span><\/h2>[\/vc_column][\/vc_row][vc_row full_width=&#8221;stretch_row&#8221;][vc_column]\n\t<div class=\"ttbase-trainer-grid\">\n\n\t\t\t<div class=\"ttbase-trainer-filters\" data-id=\"184681954\">\n\t\t\t    \t\t\t<ul class=\"ttbase-trainer-filter-list\">\n    \t\t\t\t<li><a href=\"#\" data-filter=\"*\" class=\"filter-all active\">All<\/a><\/li>\t\n    \t\t\t\t    \t\t\t\t\t    \t\t\t\t\t<li><a href=\"#\" data-filter=\".term-yoga\">Yoga<\/a><\/li>\n    \t\t\t\t    \t\t\t\t\t    \t\t\t\t\t<li><a href=\"#\" data-filter=\".term-pilates-reformer\">Pilates Reformer<\/a><\/li>\n    \t\t\t\t    \t\t\t<\/ul>\n\t\t\t\t\t<\/div>\n\n\t\t\t<div id=\"184681954\" class=\"ttbase-trainer-items ttbase-grid clearfix\" data-id=\"184681954\">  \n\t\t\t\n\t\t\t\t<div class=\"term-pilates-reformer term-yoga ttbase-trainer-item-wrapper ttbase-col ttbase-count-1 ttbase-col-2\">\n\t\t\t\t\t<div class=\"ttbase-trainer-item card\">\n\t\t\t\t\t\t<a href=\"https:\/\/shantiloft.ro\/en\/trainer\/veronica-alexe\/\" title=\"Veronica Miona\" class=\"ttbase-trainer-item-image\">\n\t\t\t\t\t\t\t    \t\t\t\t\t\t\t<img class=\"img-responsive\" src=\"https:\/\/shantiloft.ro\/wp-content\/uploads\/2023\/01\/VERONICA-MIONA-200x200.jpg\" alt=\"Veronica Miona\" \/>\n    \t\t\t\t\t\t    \t\t\t\t\t\t<div class=\"ttbase-trainer-item-image-content\">\n    \t\t\t\t\t\t\t<h5 class=\"ttbase-trainer-item-subtitle\">\n    \t\t\t\t\t\t\t\tYoga &amp; Pilates Reformer Instructor    \t\t\t\t\t\t\t<\/h5>\n    \t\t\t\t\t\t\t<h3 class=\"ttbase-trainer-item-heading\">\n    \t\t\t\t\t\t\t\tVeronica Miona    \t\t\t\t\t\t\t<\/h3>\n    \t\t\t\t\t\t<\/div>\n    \t\t\t\t\t<\/a>\n\t\t\t\t\t   \t<div class=\"ttbase-trainer-item-content ttbase-trainer-item-excerpt\" style=\"background-color:#ffffff;\">\n\t\t\t\t\t   \t\t\t\t\t\t\t   \t\t\t\t\t\t\t\t   \t\t<p>\n\t\t\t\t\t\t   \t\tYoga helps you to look within yourself to find answers to questions of daily life and bigger questions of existence\t\t\t\t\t\t\t\t<\/p>\n\t\t\t\t\t\t\t\t\t\t\t\t\t   \t\t\n\t\t\t\t\t   \t\t\t\n\t\t\t\t\t\t\t\n\t\t\t\t\t\t<\/div>\n\t\t\t\t\t    \n\t\t\t\t\t<\/div>\n\t\t\t\t<\/div>\n\t\t\t \n\t\t\t\n\t\t\t\t<div class=\"term-pilates-reformer ttbase-trainer-item-wrapper ttbase-col ttbase-count-2 ttbase-col-2\">\n\t\t\t\t\t<div class=\"ttbase-trainer-item card\">\n\t\t\t\t\t\t<a href=\"https:\/\/shantiloft.ro\/en\/trainer\/richmond-bachia\/\" title=\"Richmond Bachia\" class=\"ttbase-trainer-item-image\">\n\t\t\t\t\t\t\t    \t\t\t\t\t\t\t<img class=\"img-responsive\" src=\"https:\/\/shantiloft.ro\/wp-content\/uploads\/2024\/09\/richmond-bachia-60-200x200.jpg\" alt=\"Richmond Bachia\" \/>\n    \t\t\t\t\t\t    \t\t\t\t\t\t<div class=\"ttbase-trainer-item-image-content\">\n    \t\t\t\t\t\t\t<h5 class=\"ttbase-trainer-item-subtitle\">\n    \t\t\t\t\t\t\t\tPilates Reformer Instructor    \t\t\t\t\t\t\t<\/h5>\n    \t\t\t\t\t\t\t<h3 class=\"ttbase-trainer-item-heading\">\n    \t\t\t\t\t\t\t\tRichmond Bachia    \t\t\t\t\t\t\t<\/h3>\n    \t\t\t\t\t\t<\/div>\n    \t\t\t\t\t<\/a>\n\t\t\t\t\t   \t<div class=\"ttbase-trainer-item-content ttbase-trainer-item-excerpt\" style=\"background-color:#ffffff;\">\n\t\t\t\t\t   \t\t\t\t\t\t\t   \t\t\t\t\t\t\t\t   \t\t<p>\n\t\t\t\t\t\t   \t\tOriginally from Norway, Richmond has dedicated his career to revolutionizing the world of fitness, traveling extensively and working on the cutting edge of fitness innovation.\t\t\t\t\t\t\t\t<\/p>\n\t\t\t\t\t\t\t\t\t\t\t\t\t   \t\t\n\t\t\t\t\t   \t\t\t\n\t\t\t\t\t\t\t\n\t\t\t\t\t\t<\/div>\n\t\t\t\t\t    \n\t\t\t\t\t<\/div>\n\t\t\t\t<\/div>\n\t\t\t \n\t\t\t\n\t\t\t\t<div class=\"term-yoga ttbase-trainer-item-wrapper ttbase-col ttbase-count-1 ttbase-col-2\">\n\t\t\t\t\t<div class=\"ttbase-trainer-item card\">\n\t\t\t\t\t\t<a href=\"https:\/\/shantiloft.ro\/en\/trainer\/kirk-mcdavitt\/\" title=\"Kirk McDavitt\" class=\"ttbase-trainer-item-image\">\n\t\t\t\t\t\t\t    \t\t\t\t\t\t\t<img class=\"img-responsive\" src=\"https:\/\/shantiloft.ro\/wp-content\/uploads\/2025\/01\/KIRK-200x200.png\" alt=\"Kirk McDavitt\" \/>\n    \t\t\t\t\t\t    \t\t\t\t\t\t<div class=\"ttbase-trainer-item-image-content\">\n    \t\t\t\t\t\t\t<h5 class=\"ttbase-trainer-item-subtitle\">\n    \t\t\t\t\t\t\t\tYoga Instructor    \t\t\t\t\t\t\t<\/h5>\n    \t\t\t\t\t\t\t<h3 class=\"ttbase-trainer-item-heading\">\n    \t\t\t\t\t\t\t\tKirk McDavitt    \t\t\t\t\t\t\t<\/h3>\n    \t\t\t\t\t\t<\/div>\n    \t\t\t\t\t<\/a>\n\t\t\t\t\t   \t<div class=\"ttbase-trainer-item-content ttbase-trainer-item-excerpt\" style=\"background-color:#ffffff;\">\n\t\t\t\t\t   \t\t\t\t\t\t\t   \t\t\t\t\t\t\t\t   \t\t<p>\n\t\t\t\t\t\t   \t\tOriginally from Detroit, Kirk brings a profound perspective on the connection between mind and body, inspired by the transformative power of conscious breathwork. His personal journey into the world of yoga and breathwork was driven by a desire to find balance, clarity, and deep well-being, which he now generously shares with all who step into his sessions.\t\t\t\t\t\t\t\t<\/p>\n\t\t\t\t\t\t\t\t\t\t\t\t\t   \t\t\n\t\t\t\t\t   \t\t\t\n\t\t\t\t\t\t\t\n\t\t\t\t\t\t<\/div>\n\t\t\t\t\t    \n\t\t\t\t\t<\/div>\n\t\t\t\t<\/div>\n\t\t\t \n\t\t\t\n\t\t\t\t<div class=\"term-yoga ttbase-trainer-item-wrapper ttbase-col ttbase-count-2 ttbase-col-2\">\n\t\t\t\t\t<div class=\"ttbase-trainer-item card\">\n\t\t\t\t\t\t<a href=\"https:\/\/shantiloft.ro\/en\/trainer\/delia-kalapodas\/\" title=\"Delia Kalapodas\" class=\"ttbase-trainer-item-image\">\n\t\t\t\t\t\t\t    \t\t\t\t\t\t\t<img class=\"img-responsive\" src=\"https:\/\/shantiloft.ro\/wp-content\/uploads\/2025\/01\/Poza-Delia-200x200.jpg\" alt=\"Delia Kalapodas\" \/>\n    \t\t\t\t\t\t    \t\t\t\t\t\t<div class=\"ttbase-trainer-item-image-content\">\n    \t\t\t\t\t\t\t<h5 class=\"ttbase-trainer-item-subtitle\">\n    \t\t\t\t\t\t\t\tYoga Instructor    \t\t\t\t\t\t\t<\/h5>\n    \t\t\t\t\t\t\t<h3 class=\"ttbase-trainer-item-heading\">\n    \t\t\t\t\t\t\t\tDelia Kalapodas    \t\t\t\t\t\t\t<\/h3>\n    \t\t\t\t\t\t<\/div>\n    \t\t\t\t\t<\/a>\n\t\t\t\t\t   \t<div class=\"ttbase-trainer-item-content ttbase-trainer-item-excerpt\" style=\"background-color:#ffffff;\">\n\t\t\t\t\t   \t\t\t\t\t\t\t   \t\t\t\t\t\t\t\t   \t\t<p>\n\t\t\t\t\t\t   \t\tDelia Ioana Kalapodas is a certified instructor in Hatha and Vinyasa Yoga (YTTC 200 + 300 H - in progress, accredited by Yoga Alliance) and Yin Yoga (50 H). She has also completed a mentorship program for yoga teachers and a foundational course in Kundalini Yoga.\r\nDelia blends yoga with various spiritual practices (theta healing, crystal therapy, aromatherapy, and plant-based healing) to bring more clarity and light into her life and those around her. She is passionate about yoga, nature, spirituality, and conscious living.\t\t\t\t\t\t\t\t<\/p>\n\t\t\t\t\t\t\t\t\t\t\t\t\t   \t\t\n\t\t\t\t\t   \t\t\t\n\t\t\t\t\t\t\t\n\t\t\t\t\t\t<\/div>\n\t\t\t\t\t    \n\t\t\t\t\t<\/div>\n\t\t\t\t<\/div>\n\t\t\t \n\t\t\t\n\t\t\t\t<div class=\"term-pilates-reformer ttbase-trainer-item-wrapper ttbase-col ttbase-count-1 ttbase-col-2\">\n\t\t\t\t\t<div class=\"ttbase-trainer-item card\">\n\t\t\t\t\t\t<a href=\"https:\/\/shantiloft.ro\/en\/trainer\/maria-neagu\/\" title=\"Maria Neagu\" class=\"ttbase-trainer-item-image\">\n\t\t\t\t\t\t\t    \t\t\t\t\t\t\t<img class=\"img-responsive\" src=\"https:\/\/shantiloft.ro\/wp-content\/uploads\/2025\/09\/MARIA-NEAGU-200x200.jpg\" alt=\"Maria Neagu\" \/>\n    \t\t\t\t\t\t    \t\t\t\t\t\t<div class=\"ttbase-trainer-item-image-content\">\n    \t\t\t\t\t\t\t<h5 class=\"ttbase-trainer-item-subtitle\">\n    \t\t\t\t\t\t\t\tPilates Reformer Instructor    \t\t\t\t\t\t\t<\/h5>\n    \t\t\t\t\t\t\t<h3 class=\"ttbase-trainer-item-heading\">\n    \t\t\t\t\t\t\t\tMaria Neagu    \t\t\t\t\t\t\t<\/h3>\n    \t\t\t\t\t\t<\/div>\n    \t\t\t\t\t<\/a>\n\t\t\t\t\t   \t<div class=\"ttbase-trainer-item-content ttbase-trainer-item-excerpt\" style=\"background-color:#ffffff;\">\n\t\t\t\t\t   \t\t\t\t\t\t\t   \t\t\t\t\t\t\t\t   \t\t<p>\n\t\t\t\t\t\t   \t\tMovement has always been a natural part of her life, starting in childhood when she first discovered the joy of dance, exploring styles such as street commercial, street dance, heels, and dancehall.\t\t\t\t\t\t\t\t<\/p>\n\t\t\t\t\t\t\t\t\t\t\t\t\t   \t\t\n\t\t\t\t\t   \t\t\t\n\t\t\t\t\t\t\t\n\t\t\t\t\t\t<\/div>\n\t\t\t\t\t    \n\t\t\t\t\t<\/div>\n\t\t\t\t<\/div>\n\t\t\t \n\t\t\t\n\t\t\t\t<div class=\"term-pilates-reformer term-yoga ttbase-trainer-item-wrapper ttbase-col ttbase-count-2 ttbase-col-2\">\n\t\t\t\t\t<div class=\"ttbase-trainer-item card\">\n\t\t\t\t\t\t<a href=\"https:\/\/shantiloft.ro\/en\/trainer\/roxana-elena-maltezeanu\/\" title=\"Roxana Elena Maltezeanu\" class=\"ttbase-trainer-item-image\">\n\t\t\t\t\t\t\t    \t\t\t\t\t\t\t<img class=\"img-responsive\" src=\"https:\/\/shantiloft.ro\/wp-content\/uploads\/2026\/01\/ROXANA-200x200.jpg\" alt=\"Roxana Elena Maltezeanu\" \/>\n    \t\t\t\t\t\t    \t\t\t\t\t\t<div class=\"ttbase-trainer-item-image-content\">\n    \t\t\t\t\t\t\t<h5 class=\"ttbase-trainer-item-subtitle\">\n    \t\t\t\t\t\t\t\tPilates Instructor    \t\t\t\t\t\t\t<\/h5>\n    \t\t\t\t\t\t\t<h3 class=\"ttbase-trainer-item-heading\">\n    \t\t\t\t\t\t\t\tRoxana Elena Maltezeanu    \t\t\t\t\t\t\t<\/h3>\n    \t\t\t\t\t\t<\/div>\n    \t\t\t\t\t<\/a>\n\t\t\t\t\t   \t<div class=\"ttbase-trainer-item-content ttbase-trainer-item-excerpt\" style=\"background-color:#ffffff;\">\n\t\t\t\t\t   \t\t\t\t\t\t\t   \t\t\t\t\t\t\t\t   \t\t<p>\n\t\t\t\t\t\t   \t\tRoxana Maltezeanu is a Pilates instructor with over 14 years of experience working with people. She views movement as an essential bridge between body and mind, supporting both physical health and emotional well-being.\r\nSpecialized in Pilates Mat and Pilates Reformer, Roxana guides each session with attention, safety, and respect for individual needs, creating mindful and effective practices that support steady, sustainable progress.\t\t\t\t\t\t\t\t<\/p>\n\t\t\t\t\t\t\t\t\t\t\t\t\t   \t\t\n\t\t\t\t\t   \t\t\t\n\t\t\t\t\t\t\t\n\t\t\t\t\t\t<\/div>\n\t\t\t\t\t    \n\t\t\t\t\t<\/div>\n\t\t\t\t<\/div>\n\t\t\t \n\t\t\t\n\t\t\t\t<div class=\"term-yoga ttbase-trainer-item-wrapper ttbase-col ttbase-count-1 ttbase-col-2\">\n\t\t\t\t\t<div class=\"ttbase-trainer-item card\">\n\t\t\t\t\t\t<a href=\"https:\/\/shantiloft.ro\/en\/trainer\/ana-marin\/\" title=\"Ana Marin\" class=\"ttbase-trainer-item-image\">\n\t\t\t\t\t\t\t    \t\t\t\t\t\t\t<img class=\"img-responsive\" src=\"https:\/\/shantiloft.ro\/wp-content\/uploads\/2024\/10\/ANA-MARIN-200x200.jpg\" alt=\"Ana Marin\" \/>\n    \t\t\t\t\t\t    \t\t\t\t\t\t<div class=\"ttbase-trainer-item-image-content\">\n    \t\t\t\t\t\t\t<h5 class=\"ttbase-trainer-item-subtitle\">\n    \t\t\t\t\t\t\t\tYoga Instructor    \t\t\t\t\t\t\t<\/h5>\n    \t\t\t\t\t\t\t<h3 class=\"ttbase-trainer-item-heading\">\n    \t\t\t\t\t\t\t\tAna Marin    \t\t\t\t\t\t\t<\/h3>\n    \t\t\t\t\t\t<\/div>\n    \t\t\t\t\t<\/a>\n\t\t\t\t\t   \t<div class=\"ttbase-trainer-item-content ttbase-trainer-item-excerpt\" style=\"background-color:#ffffff;\">\n\t\t\t\t\t   \t\t\t\t\t\t\t   \t\t\t\t\t\t\t\t   \t\t<p>\n\t\t\t\t\t\t   \t\tAna believes in the power and beauty of this art and considers that true self-discovery and understanding come hand in hand with unleashing the creativity within.\t\t\t\t\t\t\t\t<\/p>\n\t\t\t\t\t\t\t\t\t\t\t\t\t   \t\t\n\t\t\t\t\t   \t\t\t\n\t\t\t\t\t\t\t\n\t\t\t\t\t\t<\/div>\n\t\t\t\t\t    \n\t\t\t\t\t<\/div>\n\t\t\t\t<\/div>\n\t\t\t \n\t\t\t\n\t\t\t\t<div class=\"term-yoga ttbase-trainer-item-wrapper ttbase-col ttbase-count-2 ttbase-col-2\">\n\t\t\t\t\t<div class=\"ttbase-trainer-item card\">\n\t\t\t\t\t\t<a href=\"https:\/\/shantiloft.ro\/en\/trainer\/nadina-haiducu\/\" title=\"Nadina Haiducu\" class=\"ttbase-trainer-item-image\">\n\t\t\t\t\t\t\t    \t\t\t\t\t\t\t<img class=\"img-responsive\" src=\"https:\/\/shantiloft.ro\/wp-content\/uploads\/2025\/04\/NADINA-HAIDUCU-200x200.jpg\" alt=\"Nadina Haiducu\" \/>\n    \t\t\t\t\t\t    \t\t\t\t\t\t<div class=\"ttbase-trainer-item-image-content\">\n    \t\t\t\t\t\t\t<h5 class=\"ttbase-trainer-item-subtitle\">\n    \t\t\t\t\t\t\t\tYoga Instructor    \t\t\t\t\t\t\t<\/h5>\n    \t\t\t\t\t\t\t<h3 class=\"ttbase-trainer-item-heading\">\n    \t\t\t\t\t\t\t\tNadina Haiducu    \t\t\t\t\t\t\t<\/h3>\n    \t\t\t\t\t\t<\/div>\n    \t\t\t\t\t<\/a>\n\t\t\t\t\t   \t<div class=\"ttbase-trainer-item-content ttbase-trainer-item-excerpt\" style=\"background-color:#ffffff;\">\n\t\t\t\t\t   \t\t\t\t\t\t\t   \t\t\t\t\t\t\t\t   \t\t<p>\n\t\t\t\t\t\t   \t\tNadina Haiducu discovered yoga at a time when she was seeking greater balance\u2014both physically and emotionally. What began as a practice soon transformed into an inner journey, a path of self-connection, body awareness, and presence in the here and now.\r\n\t\t\t\t\t\t\t\t<\/p>\n\t\t\t\t\t\t\t\t\t\t\t\t\t   \t\t\n\t\t\t\t\t   \t\t\t\n\t\t\t\t\t\t\t\n\t\t\t\t\t\t<\/div>\n\t\t\t\t\t    \n\t\t\t\t\t<\/div>\n\t\t\t\t<\/div>\n\t\t\t \n\t\t\t\n\t\t\t\t<div class=\"term-yoga ttbase-trainer-item-wrapper ttbase-col ttbase-count-1 ttbase-col-2\">\n\t\t\t\t\t<div class=\"ttbase-trainer-item card\">\n\t\t\t\t\t\t<a href=\"https:\/\/shantiloft.ro\/en\/trainer\/raluca-danaila\/\" title=\"Raluca Danaila\" class=\"ttbase-trainer-item-image\">\n\t\t\t\t\t\t\t    \t\t\t\t\t\t\t<img class=\"img-responsive\" src=\"https:\/\/shantiloft.ro\/wp-content\/uploads\/2023\/01\/RALUCA-DANAILA-200x200.jpg\" alt=\"Raluca Danaila\" \/>\n    \t\t\t\t\t\t    \t\t\t\t\t\t<div class=\"ttbase-trainer-item-image-content\">\n    \t\t\t\t\t\t\t<h5 class=\"ttbase-trainer-item-subtitle\">\n    \t\t\t\t\t\t\t\tYoga Instructor    \t\t\t\t\t\t\t<\/h5>\n    \t\t\t\t\t\t\t<h3 class=\"ttbase-trainer-item-heading\">\n    \t\t\t\t\t\t\t\tRaluca Danaila    \t\t\t\t\t\t\t<\/h3>\n    \t\t\t\t\t\t<\/div>\n    \t\t\t\t\t<\/a>\n\t\t\t\t\t   \t<div class=\"ttbase-trainer-item-content ttbase-trainer-item-excerpt\" style=\"background-color:#ffffff;\">\n\t\t\t\t\t   \t\t\t\t\t\t\t   \t\t\t\t\t\t\t\t   \t\t<p>\n\t\t\t\t\t\t   \t\tRaluca Danaila este un Instructor Yoga Certificat - Yoga Alliance (200h TTC) Yoga Academy\u2122 cu o experien\u021b\u0103 de peste 11 ani \u00een practica yoga. Ea este pasionat\u0103 de via\u021b\u0103, frumuse\u021be, conexiunea cu oamenii, experien\u021bele noi, spiritualitatea, yoga, mi\u0219care, hiking, scufund\u0103rile, nutri\u021bia \u0219i s\u0103n\u0103tatea.\t\t\t\t\t\t\t\t<\/p>\n\t\t\t\t\t\t\t\t\t\t\t\t\t   \t\t\n\t\t\t\t\t   \t\t\t\n\t\t\t\t\t\t\t\n\t\t\t\t\t\t<\/div>\n\t\t\t\t\t    \n\t\t\t\t\t<\/div>\n\t\t\t\t<\/div>\n\t\t\t \n\t\t\t\n\t\t\t\t<div class=\"term-pilates-reformer term-yoga ttbase-trainer-item-wrapper ttbase-col ttbase-count-2 ttbase-col-2\">\n\t\t\t\t\t<div class=\"ttbase-trainer-item card\">\n\t\t\t\t\t\t<a href=\"https:\/\/shantiloft.ro\/en\/trainer\/daniela-petu\/\" title=\"Daniela Petu\" class=\"ttbase-trainer-item-image\">\n\t\t\t\t\t\t\t    \t\t\t\t\t\t\t<img class=\"img-responsive\" src=\"https:\/\/shantiloft.ro\/wp-content\/uploads\/2026\/04\/DANIELA-PETU-200x200.jpg\" alt=\"Daniela Petu\" \/>\n    \t\t\t\t\t\t    \t\t\t\t\t\t<div class=\"ttbase-trainer-item-image-content\">\n    \t\t\t\t\t\t\t<h5 class=\"ttbase-trainer-item-subtitle\">\n    \t\t\t\t\t\t\t\tPilates Instructor    \t\t\t\t\t\t\t<\/h5>\n    \t\t\t\t\t\t\t<h3 class=\"ttbase-trainer-item-heading\">\n    \t\t\t\t\t\t\t\tDaniela Petu    \t\t\t\t\t\t\t<\/h3>\n    \t\t\t\t\t\t<\/div>\n    \t\t\t\t\t<\/a>\n\t\t\t\t\t   \t<div class=\"ttbase-trainer-item-content ttbase-trainer-item-excerpt\" style=\"background-color:#ffffff;\">\n\t\t\t\t\t   \t\t\t\t\t\t\t   \t\t\t\t\t\t\t\t   \t\t<p>\n\t\t\t\t\t\t   \t\tWith a degree in Physiotherapy, Daniela discovered Pilates during her final years of university \u2014 a moment that completely shifted her perspective on movement and the body. She became deeply fascinated by how conscious, controlled movement can transform not only the body, but also the way you feel within it.\t\t\t\t\t\t\t\t<\/p>\n\t\t\t\t\t\t\t\t\t\t\t\t\t   \t\t\n\t\t\t\t\t   \t\t\t\n\t\t\t\t\t\t\t\n\t\t\t\t\t\t<\/div>\n\t\t\t\t\t    \n\t\t\t\t\t<\/div>\n\t\t\t\t<\/div>\n\t\t\t \n\t\t\t\n\t\t\t\t<div class=\"term-pilates-reformer term-yoga ttbase-trainer-item-wrapper ttbase-col ttbase-count-1 ttbase-col-2\">\n\t\t\t\t\t<div class=\"ttbase-trainer-item card\">\n\t\t\t\t\t\t<a href=\"https:\/\/shantiloft.ro\/en\/trainer\/ionela-blidaru\/\" title=\"IONELA BLIDARU\" class=\"ttbase-trainer-item-image\">\n\t\t\t\t\t\t\t    \t\t\t\t\t\t\t<img class=\"img-responsive\" src=\"https:\/\/shantiloft.ro\/wp-content\/uploads\/2026\/01\/IONELA-200x200.jpg\" alt=\"IONELA BLIDARU\" \/>\n    \t\t\t\t\t\t    \t\t\t\t\t\t<div class=\"ttbase-trainer-item-image-content\">\n    \t\t\t\t\t\t\t<h5 class=\"ttbase-trainer-item-subtitle\">\n    \t\t\t\t\t\t\t\tPilates Instructor    \t\t\t\t\t\t\t<\/h5>\n    \t\t\t\t\t\t\t<h3 class=\"ttbase-trainer-item-heading\">\n    \t\t\t\t\t\t\t\tIONELA BLIDARU    \t\t\t\t\t\t\t<\/h3>\n    \t\t\t\t\t\t<\/div>\n    \t\t\t\t\t<\/a>\n\t\t\t\t\t   \t<div class=\"ttbase-trainer-item-content ttbase-trainer-item-excerpt\" style=\"background-color:#ffffff;\">\n\t\t\t\t\t   \t\t\t\t\t\t\t   \t\t\t\t\t\t\t\t   \t\t<p>\n\t\t\t\t\t\t   \t\tIonela Blidaru is a Fitness and Pilates instructor whose classes combine strength, control, and fluid movement. Her practice supports muscle tone, stability, and posture through dynamic, mindful training.\t\t\t\t\t\t\t\t<\/p>\n\t\t\t\t\t\t\t\t\t\t\t\t\t   \t\t\n\t\t\t\t\t   \t\t\t\n\t\t\t\t\t\t\t\n\t\t\t\t\t\t<\/div>\n\t\t\t\t\t    \n\t\t\t\t\t<\/div>\n\t\t\t\t<\/div>\n\t\t\t \n\t\t\t\n\t\t\t\t<div class=\"term-yoga ttbase-trainer-item-wrapper ttbase-col ttbase-count-2 ttbase-col-2\">\n\t\t\t\t\t<div class=\"ttbase-trainer-item card\">\n\t\t\t\t\t\t<a href=\"https:\/\/shantiloft.ro\/en\/trainer\/andra-ergen\/\" title=\"Andra Ergen\" class=\"ttbase-trainer-item-image\">\n\t\t\t\t\t\t\t    \t\t\t\t\t\t\t<img class=\"img-responsive\" src=\"https:\/\/shantiloft.ro\/wp-content\/uploads\/2024\/10\/ANDRA-ERGEN-1-200x200.jpg\" alt=\"Andra Ergen\" \/>\n    \t\t\t\t\t\t    \t\t\t\t\t\t<div class=\"ttbase-trainer-item-image-content\">\n    \t\t\t\t\t\t\t<h5 class=\"ttbase-trainer-item-subtitle\">\n    \t\t\t\t\t\t\t\tYoga Instructor    \t\t\t\t\t\t\t<\/h5>\n    \t\t\t\t\t\t\t<h3 class=\"ttbase-trainer-item-heading\">\n    \t\t\t\t\t\t\t\tAndra Ergen    \t\t\t\t\t\t\t<\/h3>\n    \t\t\t\t\t\t<\/div>\n    \t\t\t\t\t<\/a>\n\t\t\t\t\t   \t<div class=\"ttbase-trainer-item-content ttbase-trainer-item-excerpt\" style=\"background-color:#ffffff;\">\n\t\t\t\t\t   \t\t\t\t\t\t\t   \t\t\t\t\t\t\t\t   \t\t<p>\n\t\t\t\t\t\t   \t\tTransformation through yoga, balance in life\t\t\t\t\t\t\t\t<\/p>\n\t\t\t\t\t\t\t\t\t\t\t\t\t   \t\t\n\t\t\t\t\t   \t\t\t\n\t\t\t\t\t\t\t\n\t\t\t\t\t\t<\/div>\n\t\t\t\t\t    \n\t\t\t\t\t<\/div>\n\t\t\t\t<\/div>\n\t\t\t \n\t\t\t\n\t\t\t\t<div class=\"term-yoga ttbase-trainer-item-wrapper ttbase-col ttbase-count-1 ttbase-col-2\">\n\t\t\t\t\t<div class=\"ttbase-trainer-item card\">\n\t\t\t\t\t\t<a href=\"https:\/\/shantiloft.ro\/en\/trainer\/andreea-sburlan\/\" title=\"Andreea Sburlan\" class=\"ttbase-trainer-item-image\">\n\t\t\t\t\t\t\t    \t\t\t\t\t\t\t<img class=\"img-responsive\" src=\"https:\/\/shantiloft.ro\/wp-content\/uploads\/2023\/01\/ANDREEA-SBURLAN-200x200.jpg\" alt=\"Andreea Sburlan\" \/>\n    \t\t\t\t\t\t    \t\t\t\t\t\t<div class=\"ttbase-trainer-item-image-content\">\n    \t\t\t\t\t\t\t<h5 class=\"ttbase-trainer-item-subtitle\">\n    \t\t\t\t\t\t\t\tYoga Instructor    \t\t\t\t\t\t\t<\/h5>\n    \t\t\t\t\t\t\t<h3 class=\"ttbase-trainer-item-heading\">\n    \t\t\t\t\t\t\t\tAndreea Sburlan    \t\t\t\t\t\t\t<\/h3>\n    \t\t\t\t\t\t<\/div>\n    \t\t\t\t\t<\/a>\n\t\t\t\t\t   \t<div class=\"ttbase-trainer-item-content ttbase-trainer-item-excerpt\" style=\"background-color:#ffffff;\">\n\t\t\t\t\t   \t\t\t\t\t\t\t   \t\t\t\t\t\t\t\t   \t\t<p>\n\t\t\t\t\t\t   \t\tYoga is a path towards yourself, one of them, perhaps the most complete.\t\t\t\t\t\t\t\t<\/p>\n\t\t\t\t\t\t\t\t\t\t\t\t\t   \t\t\n\t\t\t\t\t   \t\t\t\n\t\t\t\t\t\t\t\n\t\t\t\t\t\t<\/div>\n\t\t\t\t\t    \n\t\t\t\t\t<\/div>\n\t\t\t\t<\/div>\n\t\t\t \n\t\t\t\n\t\t\t\t<div class=\"term-yoga ttbase-trainer-item-wrapper ttbase-col ttbase-count-2 ttbase-col-2\">\n\t\t\t\t\t<div class=\"ttbase-trainer-item card\">\n\t\t\t\t\t\t<a href=\"https:\/\/shantiloft.ro\/en\/trainer\/catalin-andrei-nichita\/\" title=\"CATALIN ANDREI NICHITA\" class=\"ttbase-trainer-item-image\">\n\t\t\t\t\t\t\t    \t\t\t\t\t\t\t<img class=\"img-responsive\" src=\"https:\/\/shantiloft.ro\/wp-content\/uploads\/2026\/01\/CATALIN-200x200.jpg\" alt=\"CATALIN ANDREI NICHITA\" \/>\n    \t\t\t\t\t\t    \t\t\t\t\t\t<div class=\"ttbase-trainer-item-image-content\">\n    \t\t\t\t\t\t\t<h5 class=\"ttbase-trainer-item-subtitle\">\n    \t\t\t\t\t\t\t\tYoga Instructor    \t\t\t\t\t\t\t<\/h5>\n    \t\t\t\t\t\t\t<h3 class=\"ttbase-trainer-item-heading\">\n    \t\t\t\t\t\t\t\tCATALIN ANDREI NICHITA    \t\t\t\t\t\t\t<\/h3>\n    \t\t\t\t\t\t<\/div>\n    \t\t\t\t\t<\/a>\n\t\t\t\t\t   \t<div class=\"ttbase-trainer-item-content ttbase-trainer-item-excerpt\" style=\"background-color:#ffffff;\">\n\t\t\t\t\t   \t\t\t\t\t\t\t   \t\t\t\t\t\t\t\t   \t\t<p>\n\t\t\t\t\t\t   \t\tC\u0103t\u0103lin is a Certified Yoga Instructor (200H TTC) with over five years of experience. He views yoga as a space for conscious exploration, where discipline and freedom meet through presence, authenticity, and inner listening.\r\nHis classes invite practitioners into a fluid, mindful practice that supports self-discovery, connection, and respect for each individual\u2019s unique journey.\t\t\t\t\t\t\t\t<\/p>\n\t\t\t\t\t\t\t\t\t\t\t\t\t   \t\t\n\t\t\t\t\t   \t\t\t\n\t\t\t\t\t\t\t\n\t\t\t\t\t\t<\/div>\n\t\t\t\t\t    \n\t\t\t\t\t<\/div>\n\t\t\t\t<\/div>\n\t\t\t \n\t\t\t\t\t<\/div>\n\t<\/div>\n\t[\/vc_column][\/vc_row]\n","protected":false},"excerpt":{"rendered":"<p>[vc_row][vc_column css=&#8221;.vc_custom_1519206040374{padding-bottom: 6% !important;}&#8221;][\/vc_column][\/vc_row][vc_row full_width=&#8221;stretch_row&#8221;][vc_column][\/vc_column][\/vc_row]<\/p>\n<div class=\"read-more-link-wrapper text-center\"><a class=\"read-more-link\" href=\"https:\/\/shantiloft.ro\/en\/trainer\/catalin-andrei-nichita\/\"><i class=\"icon-next\"><\/i>Read more<\/a><\/div>\n","protected":false},"author":1,"featured_media":0,"parent":0,"menu_order":0,"comment_status":"closed","ping_status":"closed","template":"","meta":{"footnotes":""},"acf":[],"publishpress_future_action":{"enabled":false,"date":"1970-01-01 03:00:00","action":"","terms":[],"taxonomy":"","browser_timezone_offset":0},"_links":{"self":[{"href":"https:\/\/shantiloft.ro\/en\/wp-json\/wp\/v2\/pages\/3256"}],"collection":[{"href":"https:\/\/shantiloft.ro\/en\/wp-json\/wp\/v2\/pages"}],"about":[{"href":"https:\/\/shantiloft.ro\/en\/wp-json\/wp\/v2\/types\/page"}],"author":[{"embeddable":true,"href":"https:\/\/shantiloft.ro\/en\/wp-json\/wp\/v2\/users\/1"}],"replies":[{"embeddable":true,"href":"https:\/\/shantiloft.ro\/en\/wp-json\/wp\/v2\/comments?post=3256"}],"version-history":[{"count":1,"href":"https:\/\/shantiloft.ro\/en\/wp-json\/wp\/v2\/pages\/3256\/revisions"}],"predecessor-version":[{"id":6244,"href":"https:\/\/shantiloft.ro\/en\/wp-json\/wp\/v2\/pages\/3256\/revisions\/6244"}],"wp:attachment":[{"href":"https:\/\/shantiloft.ro\/en\/wp-json\/wp\/v2\/media?parent=3256"}],"curies":[{"name":"wp","href":"https:\/\/api.w.org\/{rel}","templated":true}]}}